{"id":5454,"date":"2026-03-16T16:13:58","date_gmt":"2026-03-16T15:13:58","guid":{"rendered":"https:\/\/www.gevorkyan.eu\/?page_id=5454"},"modified":"2026-03-17T11:05:41","modified_gmt":"2026-03-17T10:05:41","slug":"abb-2026-select","status":"publish","type":"page","link":"https:\/\/www.gevorkyan.eu\/cs\/abb-2026-select\/","title":{"rendered":"Select your country"},"content":{"rendered":"\n<form id=\"countryForm\">\n\n<p><strong>IMPORTANT<\/strong><\/p>\n\n<p>\nDue to restrictions under applicable securities laws, the information herein is not for release,\npublication or distribution, directly or indirectly, in whole or in part, in certain jurisdictions.\n<\/p>\n\n<p>Please select your country of residence:<\/p>\n\n<select id=\"country\" required>\n<option value=\"\">Select country<\/option>\n\n<option>Austria<\/option>\n<option>Belgium<\/option>\n<option>Czech Republic<\/option>\n<option>Germany<\/option>\n<option>Italy<\/option>\n<option>Poland<\/option>\n<option>Slovakia<\/option>\n<option>France<\/option>\n<option>Spain<\/option>\n<option>Netherlands<\/option>\n<option>Sweden<\/option>\n<option>Denmark<\/option>\n<option>Norway<\/option>\n<option>Finland<\/option>\n<option>Switzerland<\/option>\n<option>Ireland<\/option>\n<option>Portugal<\/option>\n<option>Greece<\/option>\n\n<option>United Kingdom<\/option>\n<option>United States<\/option>\n<option>Canada<\/option>\n<option>Australia<\/option>\n<option>Japan<\/option>\n<option>Singapore<\/option>\n<option>Hong Kong<\/option>\n<option>United Arab Emirates<\/option>\n\n<\/select>\n\n<br><br>\n\n<button type=\"button\" onclick=\"checkCountry()\">Submit<\/button>\n\n<p>\nBy clicking the &#8220;Submit&#8221; button you certify that you are an individual resident and located\nin the country stipulated by you above and that you have read and understood this notice.\n<\/p>\n\n<\/form>\n\n<script>\nfunction checkCountry() {\n    var country = document.getElementById(\"country\").value;\n\n    var restricted = [\"United States\", \"Canada\", \"Australia\", \"Japan\"];\n\n    if (!country) {\n        alert(\"Please select your country\");\n        return;\n    }\n\n    if (restricted.includes(country)) {\n        window.location.href = \"\/abb-2026-no-access\";\n    } else {\n        \/\/ \ud83d\udd11 TOTO JE K\u013d\u00da\u010c\n        localStorage.setItem(\"abb_access\", \"allowed\");\n        window.location.href = \"\/abb-2026-terms\";\n    }\n}\n<\/script>\n\n\n\n\n","protected":false},"excerpt":{"rendered":"<p>IMPORTANT Due to restrictions under applicable securities laws, the information herein is not for release, publication or distribution, directly or indirectly, in whole or in part, in certain jurisdictions. Please select your country of residence: Select countryAustriaBelgiumCzech RepublicGermanyItalyPolandSlovakiaFranceSpainNetherlandsSwedenDenmarkNorwayFinlandSwitzerlandIrelandPortugalGreeceUnited KingdomUnited StatesCanadaAustraliaJapanSingaporeHong KongUnited Arab Emirates Submit By clicking the &#8220;Submit&#8221; button you certify that you are an [&#8230;]\n","protected":false},"author":4,"featured_media":0,"parent":0,"menu_order":0,"comment_status":"closed","ping_status":"closed","template":"","meta":{"_acf_changed":false,"footnotes":""},"class_list":["post-5454","page","type-page","status-publish","hentry"],"acf":[],"_links":{"self":[{"href":"https:\/\/www.gevorkyan.eu\/cs\/wp-json\/wp\/v2\/pages\/5454","targetHints":{"allow":["GET"]}}],"collection":[{"href":"https:\/\/www.gevorkyan.eu\/cs\/wp-json\/wp\/v2\/pages"}],"about":[{"href":"https:\/\/www.gevorkyan.eu\/cs\/wp-json\/wp\/v2\/types\/page"}],"author":[{"embeddable":true,"href":"https:\/\/www.gevorkyan.eu\/cs\/wp-json\/wp\/v2\/users\/4"}],"replies":[{"embeddable":true,"href":"https:\/\/www.gevorkyan.eu\/cs\/wp-json\/wp\/v2\/comments?post=5454"}],"version-history":[{"count":0,"href":"https:\/\/www.gevorkyan.eu\/cs\/wp-json\/wp\/v2\/pages\/5454\/revisions"}],"wp:attachment":[{"href":"https:\/\/www.gevorkyan.eu\/cs\/wp-json\/wp\/v2\/media?parent=5454"}],"curies":[{"name":"wp","href":"https:\/\/api.w.org\/{rel}","templated":true}]}}